{"id":74,"date":"2026-04-22T11:37:09","date_gmt":"2026-04-22T11:37:09","guid":{"rendered":"https:\/\/vecaconsult.dk\/?page_id=74"},"modified":"2026-04-22T12:04:10","modified_gmt":"2026-04-22T12:04:10","slug":"hvad-er-esg-rapportering-en-praktisk-guide-for-danske-virksomheder-2026","status":"publish","type":"page","link":"https:\/\/vecaconsult.dk\/index.php\/hvad-er-esg-rapportering-en-praktisk-guide-for-danske-virksomheder-2026\/","title":{"rendered":"Hvad er ESG rapportering? En praktisk guide for danske virksomheder (2026)"},"content":{"rendered":"\n<p><strong>Hvad betyder ESG?<\/strong><\/p>\n\n\n\n<p>ESG st\u00e5r for Environment (milj\u00f8), Social (sociale forhold) og Governance (ledelse).<\/p>\n\n\n\n<p>ESG handler om at dokumentere, hvordan din virksomhed arbejder med b\u00e6redygtighed, ansvar og risikostyring.<\/p>\n\n\n\n<p><strong>Hvorfor er ESG vigtigt?<\/strong><\/p>\n\n\n\n<p>ESG er blevet centralt p\u00e5 grund af nye EU-krav, \u00f8gede krav fra kunder og forventninger fra banker og investorer.<\/p>\n\n\n\n<p>Mange virksomheder bliver allerede i dag m\u00f8dt med krav om ESG-data fra deres kunder.<\/p>\n\n\n\n<p>L\u00e6s ogs\u00e5 vores guide til CSRD krav:<br>\/csrd-krav<\/p>\n\n\n\n<p><strong>Hvem skal lave ESG rapport?<\/strong><\/p>\n\n\n\n<p>Du b\u00f8r arbejde med ESG hvis du:<\/p>\n\n\n\n<ul class=\"wp-block-list\">\n<li>Leverer til st\u00f8rre virksomheder<\/li>\n\n\n\n<li>Har eksport<\/li>\n\n\n\n<li>\u00d8nsker v\u00e6kst<\/li>\n<\/ul>\n\n\n\n<p>Selv sm\u00e5 og mellemstore virksomheder bliver ofte indirekte p\u00e5virket via deres kunder.<\/p>\n\n\n\n<p><strong>Hvad indeholder en ESG rapport?<\/strong><\/p>\n\n\n\n<p>En ESG rapport indeholder typisk:<\/p>\n\n\n\n<p>Milj\u00f8:<\/p>\n\n\n\n<ul class=\"wp-block-list\">\n<li>CO2-udledning<\/li>\n\n\n\n<li>Energiforbrug<\/li>\n<\/ul>\n\n\n\n<p>Social:<\/p>\n\n\n\n<ul class=\"wp-block-list\">\n<li>Arbejdsmilj\u00f8<\/li>\n\n\n\n<li>Medarbejderforhold<\/li>\n<\/ul>\n\n\n\n<p>Governance:<\/p>\n\n\n\n<ul class=\"wp-block-list\">\n<li>Ledelsesstruktur<\/li>\n\n\n\n<li>Politikker<\/li>\n<\/ul>\n\n\n\n<p><strong>Hvordan kommer man i gang?<\/strong><\/p>\n\n\n\n<p>De fleste virksomheder f\u00f8lger denne proces:<\/p>\n\n\n\n<ol start=\"1\" class=\"wp-block-list\">\n<li>Kortl\u00e6g krav<\/li>\n\n\n\n<li>Saml data<\/li>\n\n\n\n<li>Struktur\u00e9r data<\/li>\n\n\n\n<li>Udarbejd rapport<\/li>\n<\/ol>\n\n\n\n<p><br><\/p>\n\n\n\n<div class=\"wp-block-buttons is-layout-flex wp-block-buttons-is-layout-flex\">\n<div class=\"wp-block-button\"><a class=\"wp-block-button__link wp-element-button\" href=\"https:\/\/datagiraf.com\/services\/\">L\u00c6S MERE OM ESG HER!<\/a><\/div>\n<\/div>\n\n\n\n<p><\/p>\n","protected":false},"excerpt":{"rendered":"<p>Hvad betyder ESG? ESG st\u00e5r for Environment (milj\u00f8), Social (sociale forhold) og Governance (ledelse). ESG handler om at dokumentere, hvordan din virksomhed arbejder med b\u00e6redygtighed, ansvar og risikostyring. Hvorfor er ESG vigtigt? ESG er blevet centralt p\u00e5 grund af nye EU-krav, \u00f8gede krav fra kunder og forventninger fra banker og investorer. Mange virksomheder bliver allerede &hellip; <\/p>\n<p class=\"link-more\"><a href=\"https:\/\/vecaconsult.dk\/index.php\/hvad-er-esg-rapportering-en-praktisk-guide-for-danske-virksomheder-2026\/\" class=\"more-link\">L\u00e6s mere<span class=\"screen-reader-text\"> \u201cHvad er ESG rapportering? En praktisk guide for danske virksomheder (2026)\u201d<\/span><\/a><\/p>\n","protected":false},"author":1,"featured_media":0,"parent":0,"menu_order":0,"comment_status":"closed","ping_status":"closed","template":"","meta":{"_uag_custom_page_level_css":"","footnotes":""},"class_list":["post-74","page","type-page","status-publish","hentry"],"uagb_featured_image_src":{"full":false,"thumbnail":false,"medium":false,"medium_large":false,"large":false,"1536x1536":false,"2048x2048":false,"inspiro-featured-image":false,"inspiro-loop":false,"inspiro-loop@2x":false},"uagb_author_info":{"display_name":"admin","author_link":"https:\/\/vecaconsult.dk\/index.php\/author\/admin\/"},"uagb_comment_info":0,"uagb_excerpt":"Hvad betyder ESG? ESG st\u00e5r for Environment (milj\u00f8), Social (sociale forhold) og Governance (ledelse). ESG handler om at dokumentere, hvordan din virksomhed arbejder med b\u00e6redygtighed, ansvar og risikostyring. Hvorfor er ESG vigtigt? ESG er blevet centralt p\u00e5 grund af nye EU-krav, \u00f8gede krav fra kunder og forventninger fra banker og investorer. Mange virksomheder bliver allerede&hellip;","_links":{"self":[{"href":"https:\/\/vecaconsult.dk\/index.php\/wp-json\/wp\/v2\/pages\/74","targetHints":{"allow":["GET"]}}],"collection":[{"href":"https:\/\/vecaconsult.dk\/index.php\/wp-json\/wp\/v2\/pages"}],"about":[{"href":"https:\/\/vecaconsult.dk\/index.php\/wp-json\/wp\/v2\/types\/page"}],"author":[{"embeddable":true,"href":"https:\/\/vecaconsult.dk\/index.php\/wp-json\/wp\/v2\/users\/1"}],"replies":[{"embeddable":true,"href":"https:\/\/vecaconsult.dk\/index.php\/wp-json\/wp\/v2\/comments?post=74"}],"version-history":[{"count":5,"href":"https:\/\/vecaconsult.dk\/index.php\/wp-json\/wp\/v2\/pages\/74\/revisions"}],"predecessor-version":[{"id":92,"href":"https:\/\/vecaconsult.dk\/index.php\/wp-json\/wp\/v2\/pages\/74\/revisions\/92"}],"wp:attachment":[{"href":"https:\/\/vecaconsult.dk\/index.php\/wp-json\/wp\/v2\/media?parent=74"}],"curies":[{"name":"wp","href":"https:\/\/api.w.org\/{rel}","templated":true}]}}