{"id":82,"date":"2026-04-22T11:49:42","date_gmt":"2026-04-22T11:49:42","guid":{"rendered":"https:\/\/vecaconsult.dk\/?page_id=82"},"modified":"2026-04-22T11:49:42","modified_gmt":"2026-04-22T11:49:42","slug":"hvad-koster-en-esg-rapport-pris-eksempler-og-hvad-du-betaler-for","status":"publish","type":"page","link":"https:\/\/vecaconsult.dk\/index.php\/hvad-koster-en-esg-rapport-pris-eksempler-og-hvad-du-betaler-for\/","title":{"rendered":"Hvad koster en ESG rapport? Pris, eksempler og hvad du betaler for"},"content":{"rendered":"\n<p>Prisen p\u00e5 ESG rapportering i Danmark ligger typisk mellem 20.000 kr. og 150.000+ kr.<\/p>\n\n\n\n<p><strong>Hvad bestemmer prisen?<\/strong><\/p>\n\n\n\n<p>Prisen afh\u00e6nger af flere faktorer:<\/p>\n\n\n\n<ul class=\"wp-block-list\">\n<li>Virksomhedens st\u00f8rrelse<\/li>\n\n\n\n<li>Kompleksitet<\/li>\n\n\n\n<li>Datagrundlag<\/li>\n\n\n\n<li>Kravsniveau (fx CSRD)<\/li>\n<\/ul>\n\n\n\n<p>L\u00e6s ogs\u00e5 vores guide til ESG rapportering:<br>\/hvad-er-esg-rapportering<\/p>\n\n\n\n<p><strong>Eksempler p\u00e5 prisniveau<\/strong><\/p>\n\n\n\n<p>Lille virksomhed:<br>20.000 \u2013 40.000 kr.<\/p>\n\n\n\n<p>Mellemstor virksomhed:<br>40.000 \u2013 90.000 kr.<\/p>\n\n\n\n<p>Avanceret eller CSRD:<br>90.000 \u2013 150.000+ kr.<\/p>\n\n\n\n<p><strong>Kan man lave ESG selv?<\/strong><\/p>\n\n\n\n<p>Ja, men det kr\u00e6ver tid, struktur og forst\u00e5else for kravene.<\/p>\n\n\n\n<p>Se ogs\u00e5 CSRD krav:<br>\/csrd-krav<\/p>\n\n\n\n<p><strong>Hvad betaler man for?<\/strong><\/p>\n\n\n\n<p>N\u00e5r du k\u00f8ber ESG r\u00e5dgivning, betaler du for:<\/p>\n\n\n\n<ul class=\"wp-block-list\">\n<li>Struktur og metode<\/li>\n\n\n\n<li>Dataindsamling<\/li>\n\n\n\n<li>Dokumentation<\/li>\n\n\n\n<li>Kvalitetssikring<\/li>\n<\/ul>\n\n\n\n<p><strong>F\u00e5 en konkret pris eller hj\u00e6lp<\/strong><\/p>\n\n\n\n<div class=\"wp-block-buttons is-layout-flex wp-block-buttons-is-layout-flex\">\n<div class=\"wp-block-button\"><a class=\"wp-block-button__link wp-element-button\" href=\"https:\/\/datagiraf.com\/produkter\/\">F\u00e5 Hj\u00e6lp til ESG Rapportering BILLIGT!<\/a><\/div>\n<\/div>\n\n\n\n<p><\/p>\n","protected":false},"excerpt":{"rendered":"<p>Prisen p\u00e5 ESG rapportering i Danmark ligger typisk mellem 20.000 kr. og 150.000+ kr. Hvad bestemmer prisen? Prisen afh\u00e6nger af flere faktorer: L\u00e6s ogs\u00e5 vores guide til ESG rapportering:\/hvad-er-esg-rapportering Eksempler p\u00e5 prisniveau Lille virksomhed:20.000 \u2013 40.000 kr. Mellemstor virksomhed:40.000 \u2013 90.000 kr. Avanceret eller CSRD:90.000 \u2013 150.000+ kr. Kan man lave ESG selv? Ja, men &hellip; <\/p>\n<p class=\"link-more\"><a href=\"https:\/\/vecaconsult.dk\/index.php\/hvad-koster-en-esg-rapport-pris-eksempler-og-hvad-du-betaler-for\/\" class=\"more-link\">L\u00e6s mere<span class=\"screen-reader-text\"> \u201cHvad koster en ESG rapport? Pris, eksempler og hvad du betaler for\u201d<\/span><\/a><\/p>\n","protected":false},"author":1,"featured_media":0,"parent":0,"menu_order":0,"comment_status":"closed","ping_status":"closed","template":"","meta":{"_uag_custom_page_level_css":"","footnotes":""},"class_list":["post-82","page","type-page","status-publish","hentry"],"uagb_featured_image_src":{"full":false,"thumbnail":false,"medium":false,"medium_large":false,"large":false,"1536x1536":false,"2048x2048":false,"inspiro-featured-image":false,"inspiro-loop":false,"inspiro-loop@2x":false},"uagb_author_info":{"display_name":"admin","author_link":"https:\/\/vecaconsult.dk\/index.php\/author\/admin\/"},"uagb_comment_info":0,"uagb_excerpt":"Prisen p\u00e5 ESG rapportering i Danmark ligger typisk mellem 20.000 kr. og 150.000+ kr. Hvad bestemmer prisen? Prisen afh\u00e6nger af flere faktorer: L\u00e6s ogs\u00e5 vores guide til ESG rapportering:\/hvad-er-esg-rapportering Eksempler p\u00e5 prisniveau Lille virksomhed:20.000 \u2013 40.000 kr. Mellemstor virksomhed:40.000 \u2013 90.000 kr. Avanceret eller CSRD:90.000 \u2013 150.000+ kr. Kan man lave ESG selv? Ja, men&hellip;","_links":{"self":[{"href":"https:\/\/vecaconsult.dk\/index.php\/wp-json\/wp\/v2\/pages\/82","targetHints":{"allow":["GET"]}}],"collection":[{"href":"https:\/\/vecaconsult.dk\/index.php\/wp-json\/wp\/v2\/pages"}],"about":[{"href":"https:\/\/vecaconsult.dk\/index.php\/wp-json\/wp\/v2\/types\/page"}],"author":[{"embeddable":true,"href":"https:\/\/vecaconsult.dk\/index.php\/wp-json\/wp\/v2\/users\/1"}],"replies":[{"embeddable":true,"href":"https:\/\/vecaconsult.dk\/index.php\/wp-json\/wp\/v2\/comments?post=82"}],"version-history":[{"count":1,"href":"https:\/\/vecaconsult.dk\/index.php\/wp-json\/wp\/v2\/pages\/82\/revisions"}],"predecessor-version":[{"id":83,"href":"https:\/\/vecaconsult.dk\/index.php\/wp-json\/wp\/v2\/pages\/82\/revisions\/83"}],"wp:attachment":[{"href":"https:\/\/vecaconsult.dk\/index.php\/wp-json\/wp\/v2\/media?parent=82"}],"curies":[{"name":"wp","href":"https:\/\/api.w.org\/{rel}","templated":true}]}}