{"id":84,"date":"2026-04-22T11:51:45","date_gmt":"2026-04-22T11:51:45","guid":{"rendered":"https:\/\/vecaconsult.dk\/?page_id=84"},"modified":"2026-04-22T12:06:10","modified_gmt":"2026-04-22T12:06:10","slug":"csrd-krav-forklaret-hvad-betyder-det-for-smver-i-danmark","status":"publish","type":"page","link":"https:\/\/vecaconsult.dk\/index.php\/csrd-krav-forklaret-hvad-betyder-det-for-smver-i-danmark\/","title":{"rendered":"CSRD krav forklaret: Hvad betyder det for SMV\u2019er i Danmark?"},"content":{"rendered":"\n<p>CSRD st\u00e5r for Corporate Sustainability Reporting Directive og er EU\u2019s nye krav til ESG rapportering.<\/p>\n\n\n\n<p>Form\u00e5let er at skabe mere gennemsigtighed og standardisering i virksomhedernes b\u00e6redygtighedsdata.<\/p>\n\n\n\n<p><strong>Hvem g\u00e6lder det for?<\/strong><\/p>\n\n\n\n<p>CSRD g\u00e6lder direkte for st\u00f8rre virksomheder, men p\u00e5virker ogs\u00e5 sm\u00e5 og mellemstore virksomheder indirekte.<\/p>\n\n\n\n<p>Mange SMV\u2019er bliver m\u00f8dt med krav gennem deres kunder og samarbejdspartnere.<\/p>\n\n\n\n<p>L\u00e6s ogs\u00e5 hvad ESG er:<br>\/hvad-er-esg-rapportering<\/p>\n\n\n\n<p><strong>Hvad betyder det i praksis?<\/strong><\/p>\n\n\n\n<p>Din virksomhed kan blive bedt om at levere:<\/p>\n\n\n\n<ul class=\"wp-block-list\">\n<li>CO2-data<\/li>\n\n\n\n<li>ESG dokumentation<\/li>\n\n\n\n<li>Leverand\u00f8rinformation<\/li>\n<\/ul>\n\n\n\n<p><strong>Hvorn\u00e5r g\u00e6lder det?<\/strong><\/p>\n\n\n\n<p>CSRD bliver indf\u00f8rt gradvist fra 2024 til 2026.<\/p>\n\n\n\n<p>Mange virksomheder oplever allerede kravene i dag.<\/p>\n\n\n\n<p><strong>Hvad skal du g\u00f8re nu?<\/strong><\/p>\n\n\n\n<ol start=\"1\" class=\"wp-block-list\">\n<li>Kortl\u00e6g dine data<\/li>\n\n\n\n<li>Forst\u00e5 kundernes krav<\/li>\n\n\n\n<li>Start simpelt<\/li>\n\n\n\n<li>Skab struktur<\/li>\n<\/ol>\n\n\n\n<p><\/p>\n\n\n\n<p><strong>F\u00e5 hj\u00e6lp til CSRD og ESG<\/strong><\/p>\n\n\n\n<div class=\"wp-block-buttons is-layout-flex wp-block-buttons-is-layout-flex\">\n<div class=\"wp-block-button\"><a class=\"wp-block-button__link wp-element-button\" href=\"https:\/\/datagiraf.com\/\">F\u00c5 HJ\u00c6LP TIL CSRD &amp; ESG<\/a><\/div>\n<\/div>\n\n\n\n<p><\/p>\n","protected":false},"excerpt":{"rendered":"<p>CSRD st\u00e5r for Corporate Sustainability Reporting Directive og er EU\u2019s nye krav til ESG rapportering. Form\u00e5let er at skabe mere gennemsigtighed og standardisering i virksomhedernes b\u00e6redygtighedsdata. Hvem g\u00e6lder det for? CSRD g\u00e6lder direkte for st\u00f8rre virksomheder, men p\u00e5virker ogs\u00e5 sm\u00e5 og mellemstore virksomheder indirekte. Mange SMV\u2019er bliver m\u00f8dt med krav gennem deres kunder og samarbejdspartnere. &hellip; <\/p>\n<p class=\"link-more\"><a href=\"https:\/\/vecaconsult.dk\/index.php\/csrd-krav-forklaret-hvad-betyder-det-for-smver-i-danmark\/\" class=\"more-link\">L\u00e6s mere<span class=\"screen-reader-text\"> \u201cCSRD krav forklaret: Hvad betyder det for SMV\u2019er i Danmark?\u201d<\/span><\/a><\/p>\n","protected":false},"author":1,"featured_media":0,"parent":0,"menu_order":0,"comment_status":"closed","ping_status":"closed","template":"","meta":{"_uag_custom_page_level_css":"","footnotes":""},"class_list":["post-84","page","type-page","status-publish","hentry"],"uagb_featured_image_src":{"full":false,"thumbnail":false,"medium":false,"medium_large":false,"large":false,"1536x1536":false,"2048x2048":false,"inspiro-featured-image":false,"inspiro-loop":false,"inspiro-loop@2x":false},"uagb_author_info":{"display_name":"admin","author_link":"https:\/\/vecaconsult.dk\/index.php\/author\/admin\/"},"uagb_comment_info":0,"uagb_excerpt":"CSRD st\u00e5r for Corporate Sustainability Reporting Directive og er EU\u2019s nye krav til ESG rapportering. Form\u00e5let er at skabe mere gennemsigtighed og standardisering i virksomhedernes b\u00e6redygtighedsdata. Hvem g\u00e6lder det for? CSRD g\u00e6lder direkte for st\u00f8rre virksomheder, men p\u00e5virker ogs\u00e5 sm\u00e5 og mellemstore virksomheder indirekte. Mange SMV\u2019er bliver m\u00f8dt med krav gennem deres kunder og samarbejdspartnere.&hellip;","_links":{"self":[{"href":"https:\/\/vecaconsult.dk\/index.php\/wp-json\/wp\/v2\/pages\/84","targetHints":{"allow":["GET"]}}],"collection":[{"href":"https:\/\/vecaconsult.dk\/index.php\/wp-json\/wp\/v2\/pages"}],"about":[{"href":"https:\/\/vecaconsult.dk\/index.php\/wp-json\/wp\/v2\/types\/page"}],"author":[{"embeddable":true,"href":"https:\/\/vecaconsult.dk\/index.php\/wp-json\/wp\/v2\/users\/1"}],"replies":[{"embeddable":true,"href":"https:\/\/vecaconsult.dk\/index.php\/wp-json\/wp\/v2\/comments?post=84"}],"version-history":[{"count":4,"href":"https:\/\/vecaconsult.dk\/index.php\/wp-json\/wp\/v2\/pages\/84\/revisions"}],"predecessor-version":[{"id":94,"href":"https:\/\/vecaconsult.dk\/index.php\/wp-json\/wp\/v2\/pages\/84\/revisions\/94"}],"wp:attachment":[{"href":"https:\/\/vecaconsult.dk\/index.php\/wp-json\/wp\/v2\/media?parent=84"}],"curies":[{"name":"wp","href":"https:\/\/api.w.org\/{rel}","templated":true}]}}